{"id":3559,"date":"2017-02-22T20:32:00","date_gmt":"2017-02-22T18:32:00","guid":{"rendered":"https:\/\/somitex.gr\/etairia\/"},"modified":"2021-07-04T07:29:28","modified_gmt":"2021-07-04T04:29:28","slug":"compagnie","status":"publish","type":"page","link":"https:\/\/www.somitex.gr\/fr\/compagnie\/","title":{"rendered":"L&rsquo;ENTREPRISE"},"content":{"rendered":"<p><div class=\"fusion-fullwidth fullwidth-box fusion-builder-row-1 fusion-flex-container nonhundred-percent-fullwidth non-hundred-percent-height-scrolling\" style=\"--awb-border-radius-top-left:0px;--awb-border-radius-top-right:0px;--awb-border-radius-bottom-right:0px;--awb-border-radius-bottom-left:0px;--awb-flex-wrap:wrap;\" ><div class=\"fusion-builder-row fusion-row fusion-flex-align-items-stretch fusion-flex-content-wrap\" style=\"max-width:1768px;margin-left: calc(-4% \/ 2 );margin-right: calc(-4% \/ 2 );\"><div class=\"fusion-layout-column fusion_builder_column fusion-builder-column-0 fusion_builder_column_1_1 1_1 fusion-flex-column fusion-no-medium-visibility fusion-no-large-visibility\" style=\"--awb-bg-size:cover;--awb-width-large:100%;--awb-margin-top-large:0px;--awb-spacing-right-large:0px;--awb-margin-bottom-large:0px;--awb-spacing-left-large:0px;--awb-width-medium:100%;--awb-order-medium:0;--awb-spacing-right-medium:1.92%;--awb-spacing-left-medium:1.92%;--awb-width-small:100%;--awb-order-small:0;--awb-spacing-right-small:1.92%;--awb-spacing-left-small:1.92%;\"><div class=\"fusion-column-wrapper fusion-column-has-shadow fusion-flex-justify-content-flex-start fusion-content-layout-column\"><div class=\"fusion-separator fusion-no-medium-visibility fusion-no-large-visibility fusion-full-width-sep\" style=\"align-self: center;margin-left: auto;margin-right: auto;margin-top:15%;width:100%;\"><\/div><\/div><\/div><div class=\"fusion-layout-column fusion_builder_column fusion-builder-column-1 fusion_builder_column_1_2 1_2 fusion-flex-column\" style=\"--awb-bg-size:cover;--awb-width-large:50%;--awb-margin-top-large:0px;--awb-spacing-right-large:3.84%;--awb-margin-bottom-large:50px;--awb-spacing-left-large:3.84%;--awb-width-medium:100%;--awb-spacing-right-medium:1.92%;--awb-spacing-left-medium:1.92%;--awb-width-small:100%;--awb-spacing-right-small:1.92%;--awb-spacing-left-small:1.92%;\"><div class=\"fusion-column-wrapper fusion-flex-justify-content-flex-start fusion-content-layout-column\"><div class=\"fusion-image-element \" style=\"text-align:center;--awb-bottom-shadow-color:rgba(0,0,0,0.4);--awb-caption-title-font-family:var(--h2_typography-font-family);--awb-caption-title-font-weight:var(--h2_typography-font-weight);--awb-caption-title-font-style:var(--h2_typography-font-style);--awb-caption-title-size:var(--h2_typography-font-size);--awb-caption-title-transform:var(--h2_typography-text-transform);--awb-caption-title-line-height:var(--h2_typography-line-height);--awb-caption-title-letter-spacing:var(--h2_typography-letter-spacing);\"><div class=\"awb-image-frame awb-image-frame-1 awb-bottomshadow\"><span class=\" fusion-imageframe imageframe-bottomshadow imageframe-1 hover-type-none\" style=\"border:1px solid #f6f6f6;\"><a href=\"https:\/\/somitex.gr\/wp-content\/uploads\/2017\/06\/xylo-porta.jpg\" class=\"fusion-lightbox\" data-rel=\"iLightbox[70f60f3aedac7f73740]\" data-caption=\"\u039a\u03b1\u03c4\u03b1\u03c3\u03ba\u03b5\u03c5\u03ad\u03c2 \u03b1\u03c0\u03cc \u03be\u03cd\u03bb\u03bf\" data-title=\"\u039a\u03b1\u03c4\u03b1\u03c3\u03ba\u03b5\u03c5\u03ad\u03c2 \u03b1\u03c0\u03cc \u03be\u03cd\u03bb\u03bf\" title=\"\u039a\u03b1\u03c4\u03b1\u03c3\u03ba\u03b5\u03c5\u03ad\u03c2 \u03b1\u03c0\u03cc \u03be\u03cd\u03bb\u03bf\"><img decoding=\"async\" width=\"1821\" height=\"1024\" src=\"https:\/\/www.somitex.gr\/wp-content\/uploads\/2017\/06\/xylo-porta.jpg\" data-orig-src=\"https:\/\/somitex.gr\/wp-content\/uploads\/2017\/06\/xylo-porta.jpg\" alt class=\"lazyload img-responsive wp-image-3058\" srcset=\"data:image\/svg+xml,%3Csvg%20xmlns%3D%27http%3A%2F%2Fwww.w3.org%2F2000%2Fsvg%27%20width%3D%271821%27%20height%3D%271024%27%20viewBox%3D%270%200%201821%201024%27%3E%3Crect%20width%3D%271821%27%20height%3D%271024%27%20fill-opacity%3D%220%22%2F%3E%3C%2Fsvg%3E\" data-srcset=\"https:\/\/www.somitex.gr\/wp-content\/uploads\/2017\/06\/xylo-porta-200x112.jpg 200w, https:\/\/www.somitex.gr\/wp-content\/uploads\/2017\/06\/xylo-porta-400x225.jpg 400w, https:\/\/www.somitex.gr\/wp-content\/uploads\/2017\/06\/xylo-porta-600x337.jpg 600w, https:\/\/www.somitex.gr\/wp-content\/uploads\/2017\/06\/xylo-porta-800x450.jpg 800w, https:\/\/www.somitex.gr\/wp-content\/uploads\/2017\/06\/xylo-porta-1200x675.jpg 1200w, https:\/\/www.somitex.gr\/wp-content\/uploads\/2017\/06\/xylo-porta.jpg 1821w\" data-sizes=\"auto\" data-orig-sizes=\"(max-width: 1024px) 100vw, (max-width: 640px) 100vw, 800px\" \/><\/a><\/span><svg xmlns=\"http:\/\/www.w3.org\/2000\/svg\" version=\"1.1\" width=\"100%\" viewBox=\"0 0 600 28\" preserveAspectRatio=\"none\"><g clip-path=\"url(#a)\"><mask id=\"b\" style=\"mask-type:luminance\" maskUnits=\"userSpaceOnUse\" x=\"0\" y=\"0\" width=\"600\" height=\"28\"><path d=\"M0 0h600v28H0V0Z\" fill=\"#fff\"\/><\/mask><g filter=\"url(#c)\" mask=\"url(#b)\"><path d=\"M16.439-18.667h567.123v30.8S438.961-8.4 300-8.4C161.04-8.4 16.438 12.133 16.438 12.133v-30.8Z\" fill=\"#000\"\/><\/g><\/g><defs><clipPath id=\"a\"><path fill=\"#fff\" d=\"M0 0h600v28H0z\"\/><\/clipPath><filter id=\"c\" x=\"5.438\" y=\"-29.667\" width=\"589.123\" height=\"52.8\" filterUnits=\"userSpaceOnUse\" color-interpolation-filters=\"sRGB\"><feFlood flood-opacity=\"0\" result=\"BackgroundImageFix\"\/><feBlend in=\"SourceGraphic\" in2=\"BackgroundImageFix\" result=\"shape\"\/><feGaussianBlur stdDeviation=\"5.5\" result=\"effect1_foregroundBlur_3983_183\"\/><\/filter><\/defs><\/svg><\/div><\/div><\/div><\/div><div class=\"fusion-layout-column fusion_builder_column fusion-builder-column-2 fusion_builder_column_1_2 1_2 fusion-flex-column\" style=\"--awb-bg-size:cover;--awb-width-large:50%;--awb-margin-top-large:0px;--awb-spacing-right-large:3.84%;--awb-margin-bottom-large:50px;--awb-spacing-left-large:3.84%;--awb-width-medium:100%;--awb-spacing-right-medium:1.92%;--awb-spacing-left-medium:1.92%;--awb-width-small:100%;--awb-spacing-right-small:1.92%;--awb-spacing-left-small:1.92%;\"><div class=\"fusion-column-wrapper fusion-flex-justify-content-flex-start fusion-content-layout-column\"><div class=\"fusion-image-element \" style=\"text-align:center;--awb-bottom-shadow-color:rgba(0,0,0,0.4);--awb-caption-title-font-family:var(--h2_typography-font-family);--awb-caption-title-font-weight:var(--h2_typography-font-weight);--awb-caption-title-font-style:var(--h2_typography-font-style);--awb-caption-title-size:var(--h2_typography-font-size);--awb-caption-title-transform:var(--h2_typography-text-transform);--awb-caption-title-line-height:var(--h2_typography-line-height);--awb-caption-title-letter-spacing:var(--h2_typography-letter-spacing);\"><div class=\"awb-image-frame awb-image-frame-2 awb-bottomshadow\"><span class=\" fusion-imageframe imageframe-bottomshadow imageframe-2 hover-type-none\" style=\"border:1px solid #f6f6f6;\"><a href=\"https:\/\/somitex.gr\/wp-content\/uploads\/2017\/06\/pergola.jpg\" class=\"fusion-lightbox\" data-rel=\"iLightbox[d5e76b559a01b4249af]\" data-caption=\"\u039a\u03b1\u03c4\u03b1\u03c3\u03ba\u03b5\u03c5\u03ad\u03c2 \u03b1\u03c0\u03cc \u03be\u03cd\u03bb\u03bf\" data-title=\"\u039a\u03b1\u03c4\u03b1\u03c3\u03ba\u03b5\u03c5\u03ad\u03c2 \u03b1\u03c0\u03cc \u03be\u03cd\u03bb\u03bf\" title=\"\u039a\u03b1\u03c4\u03b1\u03c3\u03ba\u03b5\u03c5\u03ad\u03c2 \u03b1\u03c0\u03cc \u03be\u03cd\u03bb\u03bf\"><img decoding=\"async\" width=\"1820\" height=\"1024\" src=\"https:\/\/www.somitex.gr\/wp-content\/uploads\/2017\/06\/pergola.jpg\" data-orig-src=\"https:\/\/somitex.gr\/wp-content\/uploads\/2017\/06\/pergola.jpg\" alt class=\"lazyload img-responsive wp-image-3056\" srcset=\"data:image\/svg+xml,%3Csvg%20xmlns%3D%27http%3A%2F%2Fwww.w3.org%2F2000%2Fsvg%27%20width%3D%271820%27%20height%3D%271024%27%20viewBox%3D%270%200%201820%201024%27%3E%3Crect%20width%3D%271820%27%20height%3D%271024%27%20fill-opacity%3D%220%22%2F%3E%3C%2Fsvg%3E\" data-srcset=\"https:\/\/www.somitex.gr\/wp-content\/uploads\/2017\/06\/pergola-200x113.jpg 200w, https:\/\/www.somitex.gr\/wp-content\/uploads\/2017\/06\/pergola-400x225.jpg 400w, https:\/\/www.somitex.gr\/wp-content\/uploads\/2017\/06\/pergola-600x338.jpg 600w, https:\/\/www.somitex.gr\/wp-content\/uploads\/2017\/06\/pergola-800x450.jpg 800w, https:\/\/www.somitex.gr\/wp-content\/uploads\/2017\/06\/pergola-1200x675.jpg 1200w, https:\/\/www.somitex.gr\/wp-content\/uploads\/2017\/06\/pergola.jpg 1820w\" data-sizes=\"auto\" data-orig-sizes=\"(max-width: 1024px) 100vw, (max-width: 640px) 100vw, 800px\" \/><\/a><\/span><svg xmlns=\"http:\/\/www.w3.org\/2000\/svg\" version=\"1.1\" width=\"100%\" viewBox=\"0 0 600 28\" preserveAspectRatio=\"none\"><g clip-path=\"url(#a)\"><mask id=\"b\" style=\"mask-type:luminance\" maskUnits=\"userSpaceOnUse\" x=\"0\" y=\"0\" width=\"600\" height=\"28\"><path d=\"M0 0h600v28H0V0Z\" fill=\"#fff\"\/><\/mask><g filter=\"url(#c)\" mask=\"url(#b)\"><path d=\"M16.439-18.667h567.123v30.8S438.961-8.4 300-8.4C161.04-8.4 16.438 12.133 16.438 12.133v-30.8Z\" fill=\"#000\"\/><\/g><\/g><defs><clipPath id=\"a\"><path fill=\"#fff\" d=\"M0 0h600v28H0z\"\/><\/clipPath><filter id=\"c\" x=\"5.438\" y=\"-29.667\" width=\"589.123\" height=\"52.8\" filterUnits=\"userSpaceOnUse\" color-interpolation-filters=\"sRGB\"><feFlood flood-opacity=\"0\" result=\"BackgroundImageFix\"\/><feBlend in=\"SourceGraphic\" in2=\"BackgroundImageFix\" result=\"shape\"\/><feGaussianBlur stdDeviation=\"5.5\" result=\"effect1_foregroundBlur_3983_183\"\/><\/filter><\/defs><\/svg><\/div><\/div><\/div><\/div><\/div><\/div><div class=\"fusion-fullwidth fullwidth-box fusion-builder-row-2 fusion-flex-container nonhundred-percent-fullwidth non-hundred-percent-height-scrolling\" style=\"--awb-border-radius-top-left:0px;--awb-border-radius-top-right:0px;--awb-border-radius-bottom-right:0px;--awb-border-radius-bottom-left:0px;--awb-margin-top:80px;--awb-margin-bottom:50px;--awb-flex-wrap:wrap;\" ><div class=\"fusion-builder-row fusion-row fusion-flex-align-items-flex-start fusion-flex-content-wrap\" style=\"max-width:1768px;margin-left: calc(-4% \/ 2 );margin-right: calc(-4% \/ 2 );\"><div class=\"fusion-layout-column fusion_builder_column fusion-builder-column-3 fusion_builder_column_1_1 1_1 fusion-flex-column\" style=\"--awb-bg-size:cover;--awb-width-large:100%;--awb-margin-top-large:0px;--awb-spacing-right-large:1.92%;--awb-margin-bottom-large:50px;--awb-spacing-left-large:1.92%;--awb-width-medium:100%;--awb-spacing-right-medium:1.92%;--awb-spacing-left-medium:1.92%;--awb-width-small:100%;--awb-spacing-right-small:1.92%;--awb-spacing-left-small:1.92%;\"><div class=\"fusion-column-wrapper fusion-flex-justify-content-flex-start fusion-content-layout-column\"><div class=\"fusion-title title fusion-title-1 fusion-sep-none fusion-title-center fusion-title-text fusion-title-size-one\" style=\"--awb-margin-top-small:0px;--awb-margin-right-small:0px;--awb-margin-bottom-small:20px;--awb-margin-left-small:0px;\"><h1 class=\"fusion-title-heading title-heading-center fusion-responsive-typography-calculated\" style=\"margin:0;--fontSize:38;--minFontSize:38;line-height:1.7;\"><p style=\"text-align: center;\"><strong>Techniki Xilou LTD<\/strong><\/p><\/h1><\/div><\/div><\/div><\/div><\/div><div class=\"fusion-fullwidth fullwidth-box fusion-builder-row-3 fusion-flex-container nonhundred-percent-fullwidth non-hundred-percent-height-scrolling\" style=\"--awb-border-radius-top-left:0px;--awb-border-radius-top-right:0px;--awb-border-radius-bottom-right:0px;--awb-border-radius-bottom-left:0px;--awb-flex-wrap:wrap;\" ><div class=\"fusion-builder-row fusion-row fusion-flex-align-items-flex-start fusion-flex-content-wrap\" style=\"max-width:1768px;margin-left: calc(-4% \/ 2 );margin-right: calc(-4% \/ 2 );\"><div class=\"fusion-layout-column fusion_builder_column fusion-builder-column-4 fusion_builder_column_1_1 1_1 fusion-flex-column\" style=\"--awb-bg-size:cover;--awb-width-large:100%;--awb-margin-top-large:0px;--awb-spacing-right-large:1.92%;--awb-margin-bottom-large:50px;--awb-spacing-left-large:1.92%;--awb-width-medium:100%;--awb-spacing-right-medium:1.92%;--awb-spacing-left-medium:1.92%;--awb-width-small:100%;--awb-spacing-right-small:1.92%;--awb-spacing-left-small:1.92%;\"><div class=\"fusion-column-wrapper fusion-flex-justify-content-flex-start fusion-content-layout-column\"><div class=\"fusion-text fusion-text-1\"><p style=\"text-align: justify;\"><span class=\"fusion-dropcap dropcap\" style=\"--awb-color:#ffffff;\">L<\/span> e fonctionnement de l\u2019entreprise commence en 1982. Avec sp\u00e9cialisation et renouvellement continu des machines, elle a attenu son niveau actuel. Dans une zone priv\u00e9e de 1500 m\u00e8tres carr\u00e9s avec des \u00e9quipements m\u00e9caniques, modernes et CNC, <a href=\"https:\/\/somitex.gr\/fr\/infrastructure\/\" target=\"_blank\" rel=\"noopener\">elle a la capacit\u00e9<\/a>, de cr\u00e9er des <a href=\"https:\/\/somitex.gr\/fr\/constructions\/\">produits en bois de haute qualit\u00e9.<\/a>.<\/p>\n<p style=\"text-align: justify;\">Les objets de production sont:<\/p>\n<ul style=\"text-align: justify;\">\n<li>Portes et fen\u00eatres ext\u00e9rieures<\/li>\n<li>Portes int\u00e9rieures de tous types<\/li>\n<li>Constructions sp\u00e9ciales, des espaces int\u00e9rieures et ext\u00e9rieures, ainsi que toute construction requise dans les b\u00e2timents modernes (maisons \u2013 h\u00f4tels \u2013 propri\u00e9t\u00e9s d\u2019affaires).<\/li>\n<\/ul>\n<p style=\"text-align: justify;\">La fabrication de tout produit est faite uniquement sur demande. Nous mettons en \u0153uvre les conceptions de l\u2019architecte individuel et les souhaits de chaque client de la mani\u00e8re la plus qualitative. La diligence et le bon go\u00fbt des artisans sont les caract\u00e9ristiques particuli\u00e8res de notre entreprise.<\/p>\n<p style=\"text-align: justify;\">Une des raisons principales de la fabrication des produits est le respect absolu de la r\u00e9alisation des dessins du projet respectif ainsi que le respect vers l\u2019architecture locale en Gr\u00e8ce ou \u00e0 l\u2019\u00e9tranger.<\/p>\n<p style=\"text-align: justify;\">La soci\u00e9t\u00e9 fabrique des produits de vente en gros et au d\u00e9tail.<\/p>\n<p style=\"text-align: justify;\">La production de l\u2019usine implique des constructions classiques, des constructions traditionnelles, celles de technologie moderne, ainsi que des constructions de style fran\u00e7ais et v\u00e9nitien.<\/p>\n<p style=\"text-align: justify;\">Le bois utilis\u00e9 pour fabriquer des produits est soigneusement s\u00e9lectionn\u00e9 et de meilleure qualit\u00e9 pour tout type de bois choisi par le client.<\/p>\n<p style=\"text-align: justify;\">Gr\u00e2ce \u00e0 ces d\u00e9tails, tout le monde comprend que Techniki Xilou LTD respecte le client et les produits qu\u2019elle cr\u00e9e.<\/p>\n<\/div><\/div><\/div><\/div><\/div><div class=\"fusion-fullwidth fullwidth-box fusion-builder-row-4 fusion-flex-container nonhundred-percent-fullwidth non-hundred-percent-height-scrolling\" style=\"--awb-border-radius-top-left:0px;--awb-border-radius-top-right:0px;--awb-border-radius-bottom-right:0px;--awb-border-radius-bottom-left:0px;--awb-flex-wrap:wrap;\" ><div class=\"fusion-builder-row fusion-row fusion-flex-align-items-flex-start fusion-flex-content-wrap\" style=\"max-width:1768px;margin-left: calc(-4% \/ 2 );margin-right: calc(-4% \/ 2 );\"><div class=\"fusion-layout-column fusion_builder_column fusion-builder-column-5 fusion_builder_column_1_1 1_1 fusion-flex-column\" style=\"--awb-bg-size:cover;--awb-width-large:100%;--awb-margin-top-large:0px;--awb-spacing-right-large:1.92%;--awb-margin-bottom-large:50px;--awb-spacing-left-large:1.92%;--awb-width-medium:100%;--awb-order-medium:0;--awb-spacing-right-medium:1.92%;--awb-spacing-left-medium:1.92%;--awb-width-small:100%;--awb-order-small:0;--awb-spacing-right-small:1.92%;--awb-spacing-left-small:1.92%;\"><div class=\"fusion-column-wrapper fusion-column-has-shadow fusion-flex-justify-content-flex-start fusion-content-layout-column\"><div class=\"fusion-image-element \" style=\"text-align:center;--awb-caption-title-font-family:var(--h2_typography-font-family);--awb-caption-title-font-weight:var(--h2_typography-font-weight);--awb-caption-title-font-style:var(--h2_typography-font-style);--awb-caption-title-size:var(--h2_typography-font-size);--awb-caption-title-transform:var(--h2_typography-text-transform);--awb-caption-title-line-height:var(--h2_typography-line-height);--awb-caption-title-letter-spacing:var(--h2_typography-letter-spacing);\"><span class=\" fusion-imageframe imageframe-none imageframe-3 hover-type-none\"><img decoding=\"async\" width=\"1000\" height=\"400\" title=\"e-banner &#8211; ppel\" src=\"https:\/\/www.somitex.gr\/wp-content\/uploads\/2021\/06\/e-banner-ppel.png\" data-orig-src=\"https:\/\/somitex.gr\/wp-content\/uploads\/2021\/06\/e-banner-ppel.png\" alt class=\"lazyload img-responsive wp-image-3914\" srcset=\"data:image\/svg+xml,%3Csvg%20xmlns%3D%27http%3A%2F%2Fwww.w3.org%2F2000%2Fsvg%27%20width%3D%271000%27%20height%3D%27400%27%20viewBox%3D%270%200%201000%20400%27%3E%3Crect%20width%3D%271000%27%20height%3D%27400%27%20fill-opacity%3D%220%22%2F%3E%3C%2Fsvg%3E\" data-srcset=\"https:\/\/www.somitex.gr\/wp-content\/uploads\/2021\/06\/e-banner-ppel-200x80.png 200w, https:\/\/www.somitex.gr\/wp-content\/uploads\/2021\/06\/e-banner-ppel-400x160.png 400w, https:\/\/www.somitex.gr\/wp-content\/uploads\/2021\/06\/e-banner-ppel-600x240.png 600w, https:\/\/www.somitex.gr\/wp-content\/uploads\/2021\/06\/e-banner-ppel-800x320.png 800w, https:\/\/www.somitex.gr\/wp-content\/uploads\/2021\/06\/e-banner-ppel.png 1000w\" data-sizes=\"auto\" data-orig-sizes=\"(max-width: 1024px) 100vw, (max-width: 640px) 100vw, 1000px\" \/><\/span><\/div><\/div><\/div><\/div><\/div><\/p>\n","protected":false},"excerpt":{"rendered":"","protected":false},"author":3479,"featured_media":3054,"parent":0,"menu_order":1,"comment_status":"closed","ping_status":"closed","template":"","meta":{"footnotes":""},"class_list":["post-3559","page","type-page","status-publish","has-post-thumbnail","hentry"],"aioseo_notices":[],"_links":{"self":[{"href":"https:\/\/www.somitex.gr\/fr\/wp-json\/wp\/v2\/pages\/3559","targetHints":{"allow":["GET"]}}],"collection":[{"href":"https:\/\/www.somitex.gr\/fr\/wp-json\/wp\/v2\/pages"}],"about":[{"href":"https:\/\/www.somitex.gr\/fr\/wp-json\/wp\/v2\/types\/page"}],"author":[{"embeddable":true,"href":"https:\/\/www.somitex.gr\/fr\/wp-json\/wp\/v2\/users\/3479"}],"replies":[{"embeddable":true,"href":"https:\/\/www.somitex.gr\/fr\/wp-json\/wp\/v2\/comments?post=3559"}],"version-history":[{"count":0,"href":"https:\/\/www.somitex.gr\/fr\/wp-json\/wp\/v2\/pages\/3559\/revisions"}],"wp:featuredmedia":[{"embeddable":true,"href":"https:\/\/www.somitex.gr\/fr\/wp-json\/wp\/v2\/media\/3054"}],"wp:attachment":[{"href":"https:\/\/www.somitex.gr\/fr\/wp-json\/wp\/v2\/media?parent=3559"}],"curies":[{"name":"wp","href":"https:\/\/api.w.org\/{rel}","templated":true}]}}